{"id":212,"date":"2024-11-25T12:02:31","date_gmt":"2024-11-25T10:02:31","guid":{"rendered":"https:\/\/yhdenvertaisuudenosaamiskeskus.partioscout.fi\/material-och-metoder\/"},"modified":"2026-04-09T15:07:42","modified_gmt":"2026-04-09T12:07:42","slug":"material-och-metoder","status":"publish","type":"page","link":"https:\/\/yhdenvertaisuudenosaamiskeskus.partioscout.fi\/sv\/material-och-metoder\/","title":{"rendered":"Material och metoder"},"content":{"rendered":"\n<h1 class=\"wp-block-heading\">Material och metoder<\/h1>\n\n\n<div class=\"wp-block-image\">\n<figure class=\"aligncenter size-large\"><img decoding=\"async\" src=\"https:\/\/yhdenvertaisuudenosaamiskeskus.partioscout.fi\/wp-content\/uploads\/sites\/161\/2025\/04\/oske-SOMEKOKO-02-1024x683.jpg\" alt=\"\" class=\"wp-image-323\" \/><figcaption class=\"wp-element-caption\">Foto: Munfilmi \/ Netta Hautam\u00e4ki<\/figcaption><\/figure>\n<\/div>\n\n\n<p class=\"is-style-ingress\">Ungdomssektorns kompetenscenter f\u00f6r likabehandling erbjuder material och metoder f\u00f6r att st\u00f6dja ungdomsarbete.<\/p>\n\n\n\n<p>Vi kartl\u00e4gger vilka material och metoder det finns om likabehandling, f\u00f6rebyggande av diskriminering och antirasism samt producerar eget material. Vi samlar in material och goda metoder och g\u00f6r dem l\u00e4ttillg\u00e4ngliga f\u00f6r hela ungdomssektorn. P\u00e5 s\u00e5 s\u00e4tt s\u00e4kerst\u00e4ller vi att professionella och frivilliga inom ungdomsarbetet har tillg\u00e5ng till en aktuell och l\u00e4ttillg\u00e4nglig kunskapsbas.<\/p>\n\n\n\n<p>Om du anv\u00e4nder materialet med sk\u00e4rml\u00e4sare, ladda ner PDF-filen till din enhet.<\/p>\n\n\n\n<h2 class=\"wp-block-heading\">Anvisningar f\u00f6r att aktivt motverka rasism<\/h2>\n\n\n\n<p>S\u00f6dra Finlands delegation f\u00f6r etniska relationer, Etno, har tagit fram anvisningar f\u00f6r att aktivt motverka rasism. Med hj\u00e4lp av anvisningarna kan den som arbetar med unga st\u00e4rka och s\u00e4kerst\u00e4lla att b\u00e5de det egna och arbetsgemenskapens arbetss\u00e4tt \u00e4r f\u00f6rebyggande mot rasism. Anvisningarna hj\u00e4lper ocks\u00e5 till att se till att rasistiska situationer hanteras p\u00e5 ett tryggt s\u00e4tt.<\/p>\n\n\n\n<div class=\"wp-block-buttons is-layout-flex wp-block-buttons-is-layout-flex\">\n<div class=\"wp-block-button\"><a class=\"wp-block-button__link wp-element-button\" href=\"https:\/\/yhdenvertaisuudenosaamiskeskus.partioscout.fi\/wp-content\/uploads\/sites\/161\/2026\/03\/Etno-riktlinjer-for-att-forebygga-och-ingripa-i-rasism.pdf\">Ladda ner Anvisningar f\u00f6r att aktivt motverka rasism (PDF)<\/a><\/div>\n<\/div>\n\n\n\n<h2 class=\"wp-block-heading\">Ber\u00e4ttelser om diskriminering inom ungdomsarbete<\/h2>\n\n\n\n<p>Ber\u00e4ttelser om diskriminering inom ungdomsarbete \u00e4r en metod som anv\u00e4nder ber\u00e4ttelser f\u00f6r att beskriva vardagliga situationer inom ungdomsverksamheten d\u00e4r n\u00e5gon upplever diskriminering. Genom diskussion f\u00f6rs\u00f6ker man hitta konkreta s\u00e4tt att skapa milj\u00f6er som \u00e4r icke-diskriminerande och trygga f\u00f6r alla i ungdomsverksamheten. PDF-filen inneh\u00e5ller ber\u00e4ttelser och instruktioner f\u00f6r diskussion. Du kan anpassa ber\u00e4ttelserna till ditt eget sammanhang om du anser att det underl\u00e4ttar diskussionen. Ber\u00e4ttelserna kan anv\u00e4ndas b\u00e5de i arbetsgemenskapen och direkt med unga.<\/p>\n\n\n\n<div class=\"wp-block-buttons is-layout-flex wp-block-buttons-is-layout-flex\">\n<div class=\"wp-block-button\"><a class=\"wp-block-button__link wp-element-button\" href=\"https:\/\/yhdenvertaisuudenosaamiskeskus.partioscout.fi\/wp-content\/uploads\/sites\/161\/2026\/04\/Berattelser-om-diskriminering-inom-ungdomsarbete.pdf\">Ladda ner Ber\u00e4ttelser om diskriminering inom ungdomsarbete (PDF)<\/a><\/div>\n<\/div>\n\n\n\n<h2 class=\"wp-block-heading\">Diskrimineringscase i scoutingen<\/h2>\n\n\n\n<p>Diskrimineringsber\u00e4ttelser inom scoutverksamheten \u00e4r en metod d\u00e4r man beskriver situationer i scoutvardagen d\u00e4r n\u00e5gon upplever diskriminering. Diskussionen syftar till att hitta konkreta \u00e5tg\u00e4rder f\u00f6r att g\u00f6ra scoutr\u00f6relsen till en icke-diskriminerande plats f\u00f6r alla. PDF-filen inneh\u00e5ller ber\u00e4ttelser och instruktioner f\u00f6r diskussion. Ber\u00e4ttelserna \u00e4r l\u00e4mpliga f\u00f6r alla vuxna ledare inom scoutr\u00f6relsen. Du kan anpassa ber\u00e4ttelsernas formuleringar s\u00e5 att de passar din egen verksamhetsmilj\u00f6, om det underl\u00e4ttar diskussionen.<\/p>\n\n\n\n<div class=\"wp-block-buttons is-layout-flex wp-block-buttons-is-layout-flex\">\n<div class=\"wp-block-button\"><a class=\"wp-block-button__link wp-element-button\" href=\"https:\/\/yhdenvertaisuudenosaamiskeskus.partioscout.fi\/wp-content\/uploads\/sites\/161\/2025\/11\/Diskrimineringscase-i-scoutingen.pdf\">Ladda ner Diskrimineringscase i scoutingen (PDF)<\/a><\/div>\n<\/div>\n\n\n\n<h2 class=\"wp-block-heading\">F\u00e5r man s\u00e4ga s\u00e5 h\u00e4r? -samtalskort<\/h2>\n\n\n\n<p>F\u00e5r man s\u00e4ga s\u00e5 h\u00e4r? \u2014 samtalskort som v\u00e4cker till eftertanke om att st\u00e4lla sig i en annan m\u00e4nniskas situation och fundera \u00f6ver vilket inflytande ord kan ha. Dessa samtalskort hj\u00e4lper till att identifiera vanliga mikroaggressioner i interaktioner, det vill s\u00e4ga sm\u00e5 och ofta v\u00e4lmenande kommentarer som i verkligheten kan vara nedv\u00e4rderande eller f\u00f6rol\u00e4mpande. Utskrivbara samtalskort kan anv\u00e4ndas p\u00e5 m\u00e5nga olika s\u00e4tt med ungdomar eller i din egen arbetsgemenskap.<\/p>\n\n\n\n<div class=\"wp-block-buttons is-layout-flex wp-block-buttons-is-layout-flex\">\n<div class=\"wp-block-button\"><a class=\"wp-block-button__link wp-element-button\" href=\"https:\/\/yhdenvertaisuudenosaamiskeskus.partioscout.fi\/wp-content\/uploads\/sites\/161\/2025\/11\/Far-man-saga-sa-har.pdf\">Ladda ner F\u00e5r man s\u00e4ga s\u00e5 h\u00e4r? -samtalskort (PDF)<\/a><\/div>\n\n\n\n<div class=\"wp-block-button\"><a class=\"wp-block-button__link wp-element-button\" href=\"https:\/\/yhdenvertaisuudenosaamiskeskus.partioscout.fi\/wp-content\/uploads\/sites\/161\/2025\/11\/far-man-saga-sa-har-samtalskort.pdf\">Ladda ner F\u00e5r man s\u00e4ga s\u00e5 h\u00e4r? -slideshow (PDF)<\/a><\/div>\n<\/div>\n\n\n\n<h2 class=\"wp-block-heading\">Guiden Att beakta regnb\u00e5gsunga inom ungdomsarbetet<\/h2>\n\n\n\n<p>Guiden Att beakta regnb\u00e5gsunga inom ungdomsarbetet erbjuder praktiska verktyg och perspektiv p\u00e5 hur man inom ungdomsarbetet kan skapa tryggare, mer accepterande och mer j\u00e4mlika milj\u00f6er. Guiden f\u00f6ruts\u00e4tter inga djupg\u00e5ende f\u00f6rkunskaper om sexuella minoriteter eller k\u00f6nsminoriteter, utan riktar sig till alla som arbetar med unga.<\/p>\n\n\n\n<div class=\"wp-block-buttons is-layout-flex wp-block-buttons-is-layout-flex\">\n<div class=\"wp-block-button\"><a class=\"wp-block-button__link wp-element-button\" href=\"https:\/\/yhdenvertaisuudenosaamiskeskus.partioscout.fi\/wp-content\/uploads\/sites\/161\/2026\/02\/Att-beakta-regnbagsunga-inom-ungdomsarbetet.pdf\">Guiden Att beakta regnb\u00e5gsunga inom ungdomsarbetet (PDF)<\/a><\/div>\n<\/div>\n\n\n\n<h2 class=\"wp-block-heading\">J\u00e4mlikhetskorsord<\/h2>\n\n\n\n<p>K\u00e4nner du till de h\u00e4r orden som ber\u00f6r j\u00e4mlikhet? Fyll i korsordet och l\u00e4r dig n\u00e5got nytt. Du hittar fler ord och f\u00f6rklaringar i L\u00e4r dig k\u00e4nna begreppen-ordkorten.<\/p>\n\n\n\n<div class=\"wp-block-buttons is-layout-flex wp-block-buttons-is-layout-flex\">\n<div class=\"wp-block-button\"><a class=\"wp-block-button__link wp-element-button\" href=\"https:\/\/yhdenvertaisuudenosaamiskeskus.partioscout.fi\/wp-content\/uploads\/sites\/161\/2026\/03\/Jamlikhetskorsord-1.pdf\">J\u00e4mlikhetskorsord (PDF)<\/a><\/div>\n<\/div>\n\n\n\n<h2 class=\"wp-block-heading\">Likabehandlingsbingo<\/h2>\n\n\n\n<p>Med hj\u00e4lp av Likabehandlingsbingon kan du v\u00e4cka diskussion om temat likabehandling tillsammans med ungdomar eller med din egen arbetsgemenskap. Det finns olika bingobrickor som du kan anv\u00e4nda s\u00e5 som du sj\u00e4lv vill. Den nedladdningsbara och utskrivbara PDF-filen inneh\u00e5ller bingons spelregler, bingobrickor samt en tom bricka f\u00f6r att skapa din egen bingo.<\/p>\n\n\n\n<div class=\"wp-block-buttons is-layout-flex wp-block-buttons-is-layout-flex\">\n<div class=\"wp-block-button\"><a class=\"wp-block-button__link wp-element-button\" href=\"https:\/\/yhdenvertaisuudenosaamiskeskus.partioscout.fi\/wp-content\/uploads\/sites\/161\/2026\/02\/Likabehandlingsbingo.pdf\">Ladda ner Likabehandlingsbingon (PDF)<\/a><\/div>\n<\/div>\n\n\n\n<h2 class=\"wp-block-heading\">Likabehandlingsstegen<\/h2>\n\n\n\n<p>Likabehandlingsstegen \u00e4r en \u00f6vning d\u00e4r man synligg\u00f6r oj\u00e4mlikhet i samh\u00e4llet och hur privilegier f\u00f6rdelas genom fiktiva roller. \u00d6vningen kan anv\u00e4ndas i arbete med ungdomar eller som st\u00f6d i en arbetsgrupp f\u00f6r likabehandlingsarbete. Handledningsplanen inneh\u00e5ller instruktioner f\u00f6r att leda \u00f6vningen och n\u00f6dv\u00e4ndigt material f\u00f6r tv\u00e5 n\u00e5got olika versioner.<\/p>\n\n\n\n<div class=\"wp-block-buttons is-layout-flex wp-block-buttons-is-layout-flex\">\n<div class=\"wp-block-button\"><a class=\"wp-block-button__link wp-element-button\" href=\"https:\/\/yhdenvertaisuudenosaamiskeskus.partioscout.fi\/wp-content\/uploads\/sites\/161\/2026\/03\/Likabehandlingsstegen.pdf\"><strong>Ladda ner <\/strong>Likabehandlingsstegen <strong>(PDF)<\/strong><\/a><\/div>\n<\/div>\n\n\n\n<h2 class=\"wp-block-heading\">L\u00e4r k\u00e4nna begreppen -ordkort<\/h2>\n\n\n\n<p>Utskrivbara ordkorten hj\u00e4lper dig att bekanta dig med centrala begrepp inom likabehandling och fungerar som ett st\u00f6d i diskussioner kring j\u00e4mlikhet, delaktighet och respekt. Du kan anv\u00e4nda korten b\u00e5de i arbetsgemenskapen och i arbete med unga \u2013 till exempel som en introduktion till temat eller som utg\u00e5ngspunkt f\u00f6r reflektion och samtal. Ordkorten kan anv\u00e4ndas p\u00e5 m\u00e5nga olika s\u00e4tt \u2013 v\u00e4lj det som passar b\u00e4st f\u00f6r din grupp eller situation. N\u00e4r du skriver ut kan du v\u00e4lja att flera sidor skrivs ut p\u00e5 ett och samma ark.<\/p>\n\n\n\n<div class=\"wp-block-buttons is-layout-flex wp-block-buttons-is-layout-flex\">\n<div class=\"wp-block-button\"><a class=\"wp-block-button__link wp-element-button\" href=\"https:\/\/yhdenvertaisuudenosaamiskeskus.partioscout.fi\/wp-content\/uploads\/sites\/161\/2026\/02\/Lar-kanna-begreppen-ordkort.pdf\">Ladda ner L\u00e4r k\u00e4nna begreppen -ordkort (PDF)<\/a><\/div>\n<\/div>\n\n\n\n<h2 class=\"wp-block-heading\">Meneek\u00f6 yhdenvertaisuus tunteisiin? -podcast<\/h2>\n\n\n\n<p>Den tiodelade Meneek\u00f6 yhdenvertaisuus tunteisiin? -podcastserien introducerar lyssnaren till aktuella fr\u00e5gor inom ungdomssektorn och synligg\u00f6r p\u00e5 ett praktiskt s\u00e4tt likabehandlingens olika niv\u00e5er i samh\u00e4llet. Programledare f\u00f6r de varmtonade samtalen \u00e4r Jani Toivola. I varje avsnitt medverkar g\u00e4ster som delar med sig av sina erfarenheter och utvecklingsid\u00e9er kring avsnittets tema. Podcasten \u00e4r p\u00e5 finska.<\/p>\n\n\n\n<div class=\"wp-block-buttons alignfull is-layout-flex wp-block-buttons-is-layout-flex\">\n<div class=\"wp-block-button\"><a class=\"wp-block-button__link wp-element-button\" href=\"https:\/\/open.spotify.com\/show\/2eW5ooBHXEo3052WFZSxLN?si=ebfa851d271b44d8\">Lyssna via Spotify<\/a><\/div>\n\n\n\n<div class=\"wp-block-button\"><a class=\"wp-block-button__link wp-element-button\" href=\"https:\/\/podcasts.apple.com\/us\/podcast\/meneek%C3%B6-yhdenvertaisuus-tunteisiin\/id1869589812\">Lyssna via Apple Podcasts<\/a><\/div>\n\n\n\n<div class=\"wp-block-button\"><a class=\"wp-block-button__link wp-element-button\" href=\"https:\/\/www.supla.fi\/podcast\/meneeko-yhdenvertaisuus-tunteisiin\">Lyssna via Supla<\/a><\/div>\n<\/div>\n\n\n<div class=\"wp-block-image\">\n<figure class=\"alignleft size-medium is-resized\"><img decoding=\"async\" width=\"300\" height=\"300\" src=\"https:\/\/yhdenvertaisuudenosaamiskeskus.partioscout.fi\/wp-content\/uploads\/sites\/161\/2026\/01\/Meneeko-yhdenvertaisuus-tunteisiin-podcast-kansi-300x300.jpg\" alt=\"Meneek\u00f6 yhdenvertaisuus tunteisin? -podcastin kansikuva, jossa on mukana Jani Toivola.\" class=\"wp-image-958\" style=\"width:300px;height:auto\" srcset=\"https:\/\/yhdenvertaisuudenosaamiskeskus.partioscout.fi\/wp-content\/uploads\/sites\/161\/2026\/01\/Meneeko-yhdenvertaisuus-tunteisiin-podcast-kansi-300x300.jpg 300w, https:\/\/yhdenvertaisuudenosaamiskeskus.partioscout.fi\/wp-content\/uploads\/sites\/161\/2026\/01\/Meneeko-yhdenvertaisuus-tunteisiin-podcast-kansi-1024x1024.jpg 1024w, https:\/\/yhdenvertaisuudenosaamiskeskus.partioscout.fi\/wp-content\/uploads\/sites\/161\/2026\/01\/Meneeko-yhdenvertaisuus-tunteisiin-podcast-kansi-150x150.jpg 150w, https:\/\/yhdenvertaisuudenosaamiskeskus.partioscout.fi\/wp-content\/uploads\/sites\/161\/2026\/01\/Meneeko-yhdenvertaisuus-tunteisiin-podcast-kansi-768x768.jpg 768w, https:\/\/yhdenvertaisuudenosaamiskeskus.partioscout.fi\/wp-content\/uploads\/sites\/161\/2026\/01\/Meneeko-yhdenvertaisuus-tunteisiin-podcast-kansi-352x352.jpg 352w, https:\/\/yhdenvertaisuudenosaamiskeskus.partioscout.fi\/wp-content\/uploads\/sites\/161\/2026\/01\/Meneeko-yhdenvertaisuus-tunteisiin-podcast-kansi.jpg 1080w\" sizes=\"(max-width: 300px) 85vw, 300px\" \/><figcaption class=\"wp-element-caption\">Foto: Suomen Podcastmedia<\/figcaption><\/figure>\n<\/div>\n\n\n<p><\/p>\n\n\n\n<h2 class=\"wp-block-heading\">Spel om likabehandling<\/h2>\n\n\n\n<p>Spelen fr\u00e5n Ungdomssektorns kompetenscenter f\u00f6r likabehandling \u00e4r ett roligt s\u00e4tt att bekanta sig med teman kring likabehandling. Spelen passar b\u00e5de f\u00f6r arbete med unga och f\u00f6r verksamhet i arbetsgemenskaper.<\/p>\n\n\n\n<div class=\"wp-block-buttons is-layout-flex wp-block-buttons-is-layout-flex\">\n<div class=\"wp-block-button\"><a class=\"wp-block-button__link wp-element-button\" href=\"https:\/\/partio.campaign.playable.com\/yhdenvertaisuuden-nuorisoalan-osaamiskeskus-valitse-kieli-valj-sprak\">Spel om likabehandling<\/a><\/div>\n<\/div>\n\n\n\n<h2 class=\"wp-block-heading\">Webbutbildning om antirasism<\/h2>\n\n\n\n<p>Institutet f\u00f6r h\u00e4lsa och v\u00e4lf\u00e4rds (THL) webbutbildning med tillh\u00f6rande reflektionsfr\u00e5gor l\u00e4mpar sig b\u00e5de f\u00f6r sj\u00e4lvst\u00e4ndiga studier och f\u00f6r kompetensutveckling inom arbetsgemenskapen.Utbildningen best\u00e5r av en serie videof\u00f6rel\u00e4sningar, varav fyra har valts ut av kompetenscentret som s\u00e4rskilt relevanta f\u00f6r personer som arbetar med ungdomar \u2013 professionellt eller som frivilliga.Man kan ta del av en eller flera av utbildningarna beroende p\u00e5 egna eller arbetsgemenskapens behov.<\/p>\n\n\n\n<div class=\"wp-block-buttons is-layout-flex wp-block-buttons-is-layout-flex\">\n<div class=\"wp-block-button\"><a class=\"wp-block-button__link wp-element-button\" href=\"https:\/\/yhdenvertaisuudenosaamiskeskus.partioscout.fi\/wp-content\/uploads\/sites\/161\/2025\/11\/THL-Webbutbildning-om-antirasism.pdf\">Ladda ner THL:s webbutbildning om antirasism (PDF)<\/a><\/div>\n<\/div>\n\n\n\n<p><\/p>\n","protected":false},"excerpt":{"rendered":"<p>Material och metoder Ungdomssektorns kompetenscenter f\u00f6r likabehandling erbjuder material och metoder f\u00f6r att st\u00f6dja ungdomsarbete.&hellip;<\/p>\n","protected":false},"author":241,"featured_media":1535,"parent":0,"menu_order":0,"comment_status":"closed","ping_status":"closed","template":"","meta":{"_acf_changed":false,"footnotes":""},"class_list":["post-212","page","type-page","status-publish","has-post-thumbnail","hentry"],"acf":[],"yoast_head":"<!-- This site is optimized with the Yoast SEO plugin v27.4 - https:\/\/yoast.com\/product\/yoast-seo-wordpress\/ -->\n<title>Material och metoder - Yhdenvertaisuuden nuorisoalan osaamiskeskus<\/title>\n<meta name=\"description\" content=\"Ungdomssektorns kompetenscenter f\u00f6r likabehandling erbjuder material och metoder f\u00f6r att st\u00f6dja ungdomsarbete.\" \/>\n<meta name=\"robots\" content=\"index, follow, max-snippet:-1, max-image-preview:large, max-video-preview:-1\" \/>\n<link rel=\"canonical\" href=\"https:\/\/yhdenvertaisuudenosaamiskeskus.partioscout.fi\/sv\/material-och-metoder\/\" \/>\n<meta property=\"og:locale\" content=\"sv_SE\" \/>\n<meta property=\"og:type\" content=\"article\" \/>\n<meta property=\"og:title\" content=\"Material och metoder\" \/>\n<meta property=\"og:description\" content=\"Ungdomssektorns kompetenscenter f\u00f6r likabehandling erbjuder material och metoder f\u00f6r att st\u00f6dja ungdomsarbete.\" \/>\n<meta property=\"og:url\" content=\"https:\/\/yhdenvertaisuudenosaamiskeskus.partioscout.fi\/sv\/material-och-metoder\/\" \/>\n<meta property=\"og:site_name\" content=\"Yhdenvertaisuuden nuorisoalan osaamiskeskus\" \/>\n<meta property=\"article:modified_time\" content=\"2026-04-09T12:07:42+00:00\" \/>\n<meta name=\"twitter:card\" content=\"summary_large_image\" \/>\n<meta name=\"twitter:label1\" content=\"Ber\u00e4knad l\u00e4stid\" \/>\n\t<meta name=\"twitter:data1\" content=\"7 minuter\" \/>\n<script type=\"application\/ld+json\" class=\"yoast-schema-graph\">{\"@context\":\"https:\\\/\\\/schema.org\",\"@graph\":[{\"@type\":\"WebPage\",\"@id\":\"https:\\\/\\\/yhdenvertaisuudenosaamiskeskus.partioscout.fi\\\/sv\\\/material-och-metoder\\\/\",\"url\":\"https:\\\/\\\/yhdenvertaisuudenosaamiskeskus.partioscout.fi\\\/sv\\\/material-och-metoder\\\/\",\"name\":\"Material och metoder - Yhdenvertaisuuden nuorisoalan osaamiskeskus\",\"isPartOf\":{\"@id\":\"https:\\\/\\\/yhdenvertaisuudenosaamiskeskus.partioscout.fi\\\/#website\"},\"primaryImageOfPage\":{\"@id\":\"https:\\\/\\\/yhdenvertaisuudenosaamiskeskus.partioscout.fi\\\/sv\\\/material-och-metoder\\\/#primaryimage\"},\"image\":{\"@id\":\"https:\\\/\\\/yhdenvertaisuudenosaamiskeskus.partioscout.fi\\\/sv\\\/material-och-metoder\\\/#primaryimage\"},\"thumbnailUrl\":\"https:\\\/\\\/yhdenvertaisuudenosaamiskeskus.partioscout.fi\\\/wp-content\\\/uploads\\\/sites\\\/161\\\/2025\\\/04\\\/oske-SOMEKOKO-02.jpg\",\"datePublished\":\"2024-11-25T10:02:31+00:00\",\"dateModified\":\"2026-04-09T12:07:42+00:00\",\"description\":\"Ungdomssektorns kompetenscenter f\u00f6r likabehandling erbjuder material och metoder f\u00f6r att st\u00f6dja ungdomsarbete.\",\"breadcrumb\":{\"@id\":\"https:\\\/\\\/yhdenvertaisuudenosaamiskeskus.partioscout.fi\\\/sv\\\/material-och-metoder\\\/#breadcrumb\"},\"inLanguage\":\"sv-SE\",\"potentialAction\":[{\"@type\":\"ReadAction\",\"target\":[\"https:\\\/\\\/yhdenvertaisuudenosaamiskeskus.partioscout.fi\\\/sv\\\/material-och-metoder\\\/\"]}]},{\"@type\":\"ImageObject\",\"inLanguage\":\"sv-SE\",\"@id\":\"https:\\\/\\\/yhdenvertaisuudenosaamiskeskus.partioscout.fi\\\/sv\\\/material-och-metoder\\\/#primaryimage\",\"url\":\"https:\\\/\\\/yhdenvertaisuudenosaamiskeskus.partioscout.fi\\\/wp-content\\\/uploads\\\/sites\\\/161\\\/2025\\\/04\\\/oske-SOMEKOKO-02.jpg\",\"contentUrl\":\"https:\\\/\\\/yhdenvertaisuudenosaamiskeskus.partioscout.fi\\\/wp-content\\\/uploads\\\/sites\\\/161\\\/2025\\\/04\\\/oske-SOMEKOKO-02.jpg\",\"width\":1620,\"height\":1080},{\"@type\":\"BreadcrumbList\",\"@id\":\"https:\\\/\\\/yhdenvertaisuudenosaamiskeskus.partioscout.fi\\\/sv\\\/material-och-metoder\\\/#breadcrumb\",\"itemListElement\":[{\"@type\":\"ListItem\",\"position\":1,\"name\":\"Hem\",\"item\":\"https:\\\/\\\/yhdenvertaisuudenosaamiskeskus.partioscout.fi\\\/sv\\\/\"},{\"@type\":\"ListItem\",\"position\":2,\"name\":\"Material och metoder\"}]},{\"@type\":\"WebSite\",\"@id\":\"https:\\\/\\\/yhdenvertaisuudenosaamiskeskus.partioscout.fi\\\/#website\",\"url\":\"https:\\\/\\\/yhdenvertaisuudenosaamiskeskus.partioscout.fi\\\/\",\"name\":\"Yhdenvertaisuuden nuorisoalan osaamiskeskus\",\"description\":\"Kohti yhdenvertaista nuoruutta\",\"potentialAction\":[{\"@type\":\"SearchAction\",\"target\":{\"@type\":\"EntryPoint\",\"urlTemplate\":\"https:\\\/\\\/yhdenvertaisuudenosaamiskeskus.partioscout.fi\\\/?s={search_term_string}\"},\"query-input\":{\"@type\":\"PropertyValueSpecification\",\"valueRequired\":true,\"valueName\":\"search_term_string\"}}],\"inLanguage\":\"sv-SE\"}]}<\/script>\n<!-- \/ Yoast SEO plugin. -->","yoast_head_json":{"title":"Material och metoder - Yhdenvertaisuuden nuorisoalan osaamiskeskus","description":"Ungdomssektorns kompetenscenter f\u00f6r likabehandling erbjuder material och metoder f\u00f6r att st\u00f6dja ungdomsarbete.","robots":{"index":"index","follow":"follow","max-snippet":"max-snippet:-1","max-image-preview":"max-image-preview:large","max-video-preview":"max-video-preview:-1"},"canonical":"https:\/\/yhdenvertaisuudenosaamiskeskus.partioscout.fi\/sv\/material-och-metoder\/","og_locale":"sv_SE","og_type":"article","og_title":"Material och metoder","og_description":"Ungdomssektorns kompetenscenter f\u00f6r likabehandling erbjuder material och metoder f\u00f6r att st\u00f6dja ungdomsarbete.","og_url":"https:\/\/yhdenvertaisuudenosaamiskeskus.partioscout.fi\/sv\/material-och-metoder\/","og_site_name":"Yhdenvertaisuuden nuorisoalan osaamiskeskus","article_modified_time":"2026-04-09T12:07:42+00:00","twitter_card":"summary_large_image","twitter_misc":{"Ber\u00e4knad l\u00e4stid":"7 minuter"},"schema":{"@context":"https:\/\/schema.org","@graph":[{"@type":"WebPage","@id":"https:\/\/yhdenvertaisuudenosaamiskeskus.partioscout.fi\/sv\/material-och-metoder\/","url":"https:\/\/yhdenvertaisuudenosaamiskeskus.partioscout.fi\/sv\/material-och-metoder\/","name":"Material och metoder - Yhdenvertaisuuden nuorisoalan osaamiskeskus","isPartOf":{"@id":"https:\/\/yhdenvertaisuudenosaamiskeskus.partioscout.fi\/#website"},"primaryImageOfPage":{"@id":"https:\/\/yhdenvertaisuudenosaamiskeskus.partioscout.fi\/sv\/material-och-metoder\/#primaryimage"},"image":{"@id":"https:\/\/yhdenvertaisuudenosaamiskeskus.partioscout.fi\/sv\/material-och-metoder\/#primaryimage"},"thumbnailUrl":"https:\/\/yhdenvertaisuudenosaamiskeskus.partioscout.fi\/wp-content\/uploads\/sites\/161\/2025\/04\/oske-SOMEKOKO-02.jpg","datePublished":"2024-11-25T10:02:31+00:00","dateModified":"2026-04-09T12:07:42+00:00","description":"Ungdomssektorns kompetenscenter f\u00f6r likabehandling erbjuder material och metoder f\u00f6r att st\u00f6dja ungdomsarbete.","breadcrumb":{"@id":"https:\/\/yhdenvertaisuudenosaamiskeskus.partioscout.fi\/sv\/material-och-metoder\/#breadcrumb"},"inLanguage":"sv-SE","potentialAction":[{"@type":"ReadAction","target":["https:\/\/yhdenvertaisuudenosaamiskeskus.partioscout.fi\/sv\/material-och-metoder\/"]}]},{"@type":"ImageObject","inLanguage":"sv-SE","@id":"https:\/\/yhdenvertaisuudenosaamiskeskus.partioscout.fi\/sv\/material-och-metoder\/#primaryimage","url":"https:\/\/yhdenvertaisuudenosaamiskeskus.partioscout.fi\/wp-content\/uploads\/sites\/161\/2025\/04\/oske-SOMEKOKO-02.jpg","contentUrl":"https:\/\/yhdenvertaisuudenosaamiskeskus.partioscout.fi\/wp-content\/uploads\/sites\/161\/2025\/04\/oske-SOMEKOKO-02.jpg","width":1620,"height":1080},{"@type":"BreadcrumbList","@id":"https:\/\/yhdenvertaisuudenosaamiskeskus.partioscout.fi\/sv\/material-och-metoder\/#breadcrumb","itemListElement":[{"@type":"ListItem","position":1,"name":"Hem","item":"https:\/\/yhdenvertaisuudenosaamiskeskus.partioscout.fi\/sv\/"},{"@type":"ListItem","position":2,"name":"Material och metoder"}]},{"@type":"WebSite","@id":"https:\/\/yhdenvertaisuudenosaamiskeskus.partioscout.fi\/#website","url":"https:\/\/yhdenvertaisuudenosaamiskeskus.partioscout.fi\/","name":"Yhdenvertaisuuden nuorisoalan osaamiskeskus","description":"Kohti yhdenvertaista nuoruutta","potentialAction":[{"@type":"SearchAction","target":{"@type":"EntryPoint","urlTemplate":"https:\/\/yhdenvertaisuudenosaamiskeskus.partioscout.fi\/?s={search_term_string}"},"query-input":{"@type":"PropertyValueSpecification","valueRequired":true,"valueName":"search_term_string"}}],"inLanguage":"sv-SE"}]}},"_links":{"self":[{"href":"https:\/\/yhdenvertaisuudenosaamiskeskus.partioscout.fi\/sv\/wp-json\/wp\/v2\/pages\/212","targetHints":{"allow":["GET"]}}],"collection":[{"href":"https:\/\/yhdenvertaisuudenosaamiskeskus.partioscout.fi\/sv\/wp-json\/wp\/v2\/pages"}],"about":[{"href":"https:\/\/yhdenvertaisuudenosaamiskeskus.partioscout.fi\/sv\/wp-json\/wp\/v2\/types\/page"}],"author":[{"embeddable":true,"href":"https:\/\/yhdenvertaisuudenosaamiskeskus.partioscout.fi\/sv\/wp-json\/wp\/v2\/users\/241"}],"replies":[{"embeddable":true,"href":"https:\/\/yhdenvertaisuudenosaamiskeskus.partioscout.fi\/sv\/wp-json\/wp\/v2\/comments?post=212"}],"version-history":[{"count":15,"href":"https:\/\/yhdenvertaisuudenosaamiskeskus.partioscout.fi\/sv\/wp-json\/wp\/v2\/pages\/212\/revisions"}],"predecessor-version":[{"id":1525,"href":"https:\/\/yhdenvertaisuudenosaamiskeskus.partioscout.fi\/sv\/wp-json\/wp\/v2\/pages\/212\/revisions\/1525"}],"wp:featuredmedia":[{"embeddable":true,"href":"https:\/\/yhdenvertaisuudenosaamiskeskus.partioscout.fi\/sv\/wp-json\/wp\/v2\/media\/1535"}],"wp:attachment":[{"href":"https:\/\/yhdenvertaisuudenosaamiskeskus.partioscout.fi\/sv\/wp-json\/wp\/v2\/media?parent=212"}],"curies":[{"name":"wp","href":"https:\/\/api.w.org\/{rel}","templated":true}]}}