{"id":216,"date":"2024-11-25T12:02:31","date_gmt":"2024-11-25T10:02:31","guid":{"rendered":"https:\/\/yhdenvertaisuudenosaamiskeskus.partioscout.fi\/evenemang\/"},"modified":"2025-05-13T10:26:16","modified_gmt":"2025-05-13T07:26:16","slug":"evenemang","status":"publish","type":"page","link":"https:\/\/yhdenvertaisuudenosaamiskeskus.partioscout.fi\/sv\/evenemang\/","title":{"rendered":"Evenemang"},"content":{"rendered":"\n<h1 class=\"wp-block-heading\">Evenemang<\/h1>\n\n\n<div class=\"wp-block-image\">\n<figure class=\"aligncenter size-large\"><img decoding=\"async\" width=\"1024\" height=\"683\" src=\"https:\/\/yhdenvertaisuudenosaamiskeskus.partioscout.fi\/wp-content\/uploads\/sites\/161\/2025\/04\/oske-SOMEKOKO-15-1024x683.jpg\" alt=\"\" class=\"wp-image-345\" srcset=\"https:\/\/yhdenvertaisuudenosaamiskeskus.partioscout.fi\/wp-content\/uploads\/sites\/161\/2025\/04\/oske-SOMEKOKO-15-1024x683.jpg 1024w, https:\/\/yhdenvertaisuudenosaamiskeskus.partioscout.fi\/wp-content\/uploads\/sites\/161\/2025\/04\/oske-SOMEKOKO-15-300x200.jpg 300w, https:\/\/yhdenvertaisuudenosaamiskeskus.partioscout.fi\/wp-content\/uploads\/sites\/161\/2025\/04\/oske-SOMEKOKO-15-768x512.jpg 768w, https:\/\/yhdenvertaisuudenosaamiskeskus.partioscout.fi\/wp-content\/uploads\/sites\/161\/2025\/04\/oske-SOMEKOKO-15-1536x1024.jpg 1536w, https:\/\/yhdenvertaisuudenosaamiskeskus.partioscout.fi\/wp-content\/uploads\/sites\/161\/2025\/04\/oske-SOMEKOKO-15-528x352.jpg 528w, https:\/\/yhdenvertaisuudenosaamiskeskus.partioscout.fi\/wp-content\/uploads\/sites\/161\/2025\/04\/oske-SOMEKOKO-15-1200x800.jpg 1200w, https:\/\/yhdenvertaisuudenosaamiskeskus.partioscout.fi\/wp-content\/uploads\/sites\/161\/2025\/04\/oske-SOMEKOKO-15.jpg 1620w\" sizes=\"(max-width: 1024px) 100vw, 1024px\" \/><figcaption class=\"wp-element-caption\">Foto: Munfilmi \/ Netta Hautam\u00e4ki<\/figcaption><\/figure>\n<\/div>\n\n\n<p class=\"is-style-ingress\">Ungdomssektorns kompetenscenter f\u00f6r likabehandling arrangerar egna evenemang och deltar i andra evenemang inom ungdomssektorn.<\/p>\n\n\n\n<p>Vi listar kommande evenemang p\u00e5 denna sida. Vi deltar aktivt i evenemang och n\u00e4tverk inom ungdomssektorn f\u00f6r att st\u00e4rka dialogen och driva j\u00e4mlikhetsarbetet fram\u00e5t. Genom interaktion, samverkan och kunskapsdelning skapar vi tillsammans en mer inkluderande och j\u00e4mlik ungdomssektor.<\/p>\n\n\n\n\n\n<div class=\"block-events full-width id-block \">\n    <div class=\"container\">\n        \n                <div id=\"vue-events-listing\" class=\"events-listing row\" data-event-id=\"216\"><\/div>\n    <\/div>\n<\/div>\n","protected":false},"excerpt":{"rendered":"<p>Evenemang Ungdomssektorns kompetenscenter f\u00f6r likabehandling arrangerar egna evenemang och deltar i andra evenemang inom ungdomssektorn.&hellip;<\/p>\n","protected":false},"author":241,"featured_media":345,"parent":0,"menu_order":0,"comment_status":"closed","ping_status":"closed","template":"","meta":{"_acf_changed":false,"footnotes":""},"class_list":["post-216","page","type-page","status-publish","has-post-thumbnail","hentry"],"acf":[],"yoast_head":"<!-- This site is optimized with the Yoast SEO plugin v27.1.1 - https:\/\/yoast.com\/product\/yoast-seo-wordpress\/ -->\n<title>Evenemang - Yhdenvertaisuuden nuorisoalan osaamiskeskus<\/title>\n<meta name=\"description\" content=\"Ungdomssektorns kompetenscenter f\u00f6r likabehandling arrangerar egna evenemang och deltar i andra evenemang inom ungdomssektorn.\" \/>\n<meta name=\"robots\" content=\"index, follow, max-snippet:-1, max-image-preview:large, max-video-preview:-1\" \/>\n<link rel=\"canonical\" href=\"https:\/\/yhdenvertaisuudenosaamiskeskus.partioscout.fi\/sv\/evenemang\/\" \/>\n<meta property=\"og:locale\" content=\"sv_SE\" \/>\n<meta property=\"og:type\" content=\"article\" \/>\n<meta property=\"og:title\" content=\"Kommande evenemang\" \/>\n<meta property=\"og:description\" content=\"Ungdomssektorns kompetenscenter f\u00f6r likabehandling arrangerar egna evenemang och deltar i andra evenemang inom ungdomssektorn. Vi listar kommande evenemang p\u00e5 denna sida.\" \/>\n<meta property=\"og:url\" content=\"https:\/\/yhdenvertaisuudenosaamiskeskus.partioscout.fi\/sv\/evenemang\/\" \/>\n<meta property=\"og:site_name\" content=\"Yhdenvertaisuuden nuorisoalan osaamiskeskus\" \/>\n<meta property=\"article:modified_time\" content=\"2025-05-13T07:26:16+00:00\" \/>\n<meta property=\"og:image\" content=\"https:\/\/yhdenvertaisuudenosaamiskeskus.partioscout.fi\/wp-content\/uploads\/sites\/161\/2025\/04\/oske-SOMEKOKO-15.jpg\" \/>\n\t<meta property=\"og:image:width\" content=\"1620\" \/>\n\t<meta property=\"og:image:height\" content=\"1080\" \/>\n\t<meta property=\"og:image:type\" content=\"image\/jpeg\" \/>\n<meta name=\"twitter:card\" content=\"summary_large_image\" \/>\n<meta name=\"twitter:label1\" content=\"Ber\u00e4knad l\u00e4stid\" \/>\n\t<meta name=\"twitter:data1\" content=\"1 minut\" \/>\n<script type=\"application\/ld+json\" class=\"yoast-schema-graph\">{\"@context\":\"https:\/\/schema.org\",\"@graph\":[{\"@type\":\"WebPage\",\"@id\":\"https:\/\/yhdenvertaisuudenosaamiskeskus.partioscout.fi\/sv\/evenemang\/\",\"url\":\"https:\/\/yhdenvertaisuudenosaamiskeskus.partioscout.fi\/sv\/evenemang\/\",\"name\":\"Evenemang - Yhdenvertaisuuden nuorisoalan osaamiskeskus\",\"isPartOf\":{\"@id\":\"https:\/\/yhdenvertaisuudenosaamiskeskus.partioscout.fi\/#website\"},\"primaryImageOfPage\":{\"@id\":\"https:\/\/yhdenvertaisuudenosaamiskeskus.partioscout.fi\/sv\/evenemang\/#primaryimage\"},\"image\":{\"@id\":\"https:\/\/yhdenvertaisuudenosaamiskeskus.partioscout.fi\/sv\/evenemang\/#primaryimage\"},\"thumbnailUrl\":\"https:\/\/yhdenvertaisuudenosaamiskeskus.partioscout.fi\/wp-content\/uploads\/sites\/161\/2025\/04\/oske-SOMEKOKO-15.jpg\",\"datePublished\":\"2024-11-25T10:02:31+00:00\",\"dateModified\":\"2025-05-13T07:26:16+00:00\",\"description\":\"Ungdomssektorns kompetenscenter f\u00f6r likabehandling arrangerar egna evenemang och deltar i andra evenemang inom ungdomssektorn.\",\"breadcrumb\":{\"@id\":\"https:\/\/yhdenvertaisuudenosaamiskeskus.partioscout.fi\/sv\/evenemang\/#breadcrumb\"},\"inLanguage\":\"sv-SE\",\"potentialAction\":[{\"@type\":\"ReadAction\",\"target\":[\"https:\/\/yhdenvertaisuudenosaamiskeskus.partioscout.fi\/sv\/evenemang\/\"]}]},{\"@type\":\"ImageObject\",\"inLanguage\":\"sv-SE\",\"@id\":\"https:\/\/yhdenvertaisuudenosaamiskeskus.partioscout.fi\/sv\/evenemang\/#primaryimage\",\"url\":\"https:\/\/yhdenvertaisuudenosaamiskeskus.partioscout.fi\/wp-content\/uploads\/sites\/161\/2025\/04\/oske-SOMEKOKO-15.jpg\",\"contentUrl\":\"https:\/\/yhdenvertaisuudenosaamiskeskus.partioscout.fi\/wp-content\/uploads\/sites\/161\/2025\/04\/oske-SOMEKOKO-15.jpg\",\"width\":1620,\"height\":1080,\"caption\":\"Kuva: Netta Hautam\u00e4ki\"},{\"@type\":\"BreadcrumbList\",\"@id\":\"https:\/\/yhdenvertaisuudenosaamiskeskus.partioscout.fi\/sv\/evenemang\/#breadcrumb\",\"itemListElement\":[{\"@type\":\"ListItem\",\"position\":1,\"name\":\"Hem\",\"item\":\"https:\/\/yhdenvertaisuudenosaamiskeskus.partioscout.fi\/sv\/\"},{\"@type\":\"ListItem\",\"position\":2,\"name\":\"Evenemang\"}]},{\"@type\":\"WebSite\",\"@id\":\"https:\/\/yhdenvertaisuudenosaamiskeskus.partioscout.fi\/#website\",\"url\":\"https:\/\/yhdenvertaisuudenosaamiskeskus.partioscout.fi\/\",\"name\":\"Yhdenvertaisuuden nuorisoalan osaamiskeskus\",\"description\":\"Kohti yhdenvertaista nuoruutta\",\"potentialAction\":[{\"@type\":\"SearchAction\",\"target\":{\"@type\":\"EntryPoint\",\"urlTemplate\":\"https:\/\/yhdenvertaisuudenosaamiskeskus.partioscout.fi\/?s={search_term_string}\"},\"query-input\":{\"@type\":\"PropertyValueSpecification\",\"valueRequired\":true,\"valueName\":\"search_term_string\"}}],\"inLanguage\":\"sv-SE\"}]}<\/script>\n<!-- \/ Yoast SEO plugin. -->","yoast_head_json":{"title":"Evenemang - Yhdenvertaisuuden nuorisoalan osaamiskeskus","description":"Ungdomssektorns kompetenscenter f\u00f6r likabehandling arrangerar egna evenemang och deltar i andra evenemang inom ungdomssektorn.","robots":{"index":"index","follow":"follow","max-snippet":"max-snippet:-1","max-image-preview":"max-image-preview:large","max-video-preview":"max-video-preview:-1"},"canonical":"https:\/\/yhdenvertaisuudenosaamiskeskus.partioscout.fi\/sv\/evenemang\/","og_locale":"sv_SE","og_type":"article","og_title":"Kommande evenemang","og_description":"Ungdomssektorns kompetenscenter f\u00f6r likabehandling arrangerar egna evenemang och deltar i andra evenemang inom ungdomssektorn. Vi listar kommande evenemang p\u00e5 denna sida.","og_url":"https:\/\/yhdenvertaisuudenosaamiskeskus.partioscout.fi\/sv\/evenemang\/","og_site_name":"Yhdenvertaisuuden nuorisoalan osaamiskeskus","article_modified_time":"2025-05-13T07:26:16+00:00","og_image":[{"width":1620,"height":1080,"url":"https:\/\/yhdenvertaisuudenosaamiskeskus.partioscout.fi\/wp-content\/uploads\/sites\/161\/2025\/04\/oske-SOMEKOKO-15.jpg","type":"image\/jpeg"}],"twitter_card":"summary_large_image","twitter_misc":{"Ber\u00e4knad l\u00e4stid":"1 minut"},"schema":{"@context":"https:\/\/schema.org","@graph":[{"@type":"WebPage","@id":"https:\/\/yhdenvertaisuudenosaamiskeskus.partioscout.fi\/sv\/evenemang\/","url":"https:\/\/yhdenvertaisuudenosaamiskeskus.partioscout.fi\/sv\/evenemang\/","name":"Evenemang - Yhdenvertaisuuden nuorisoalan osaamiskeskus","isPartOf":{"@id":"https:\/\/yhdenvertaisuudenosaamiskeskus.partioscout.fi\/#website"},"primaryImageOfPage":{"@id":"https:\/\/yhdenvertaisuudenosaamiskeskus.partioscout.fi\/sv\/evenemang\/#primaryimage"},"image":{"@id":"https:\/\/yhdenvertaisuudenosaamiskeskus.partioscout.fi\/sv\/evenemang\/#primaryimage"},"thumbnailUrl":"https:\/\/yhdenvertaisuudenosaamiskeskus.partioscout.fi\/wp-content\/uploads\/sites\/161\/2025\/04\/oske-SOMEKOKO-15.jpg","datePublished":"2024-11-25T10:02:31+00:00","dateModified":"2025-05-13T07:26:16+00:00","description":"Ungdomssektorns kompetenscenter f\u00f6r likabehandling arrangerar egna evenemang och deltar i andra evenemang inom ungdomssektorn.","breadcrumb":{"@id":"https:\/\/yhdenvertaisuudenosaamiskeskus.partioscout.fi\/sv\/evenemang\/#breadcrumb"},"inLanguage":"sv-SE","potentialAction":[{"@type":"ReadAction","target":["https:\/\/yhdenvertaisuudenosaamiskeskus.partioscout.fi\/sv\/evenemang\/"]}]},{"@type":"ImageObject","inLanguage":"sv-SE","@id":"https:\/\/yhdenvertaisuudenosaamiskeskus.partioscout.fi\/sv\/evenemang\/#primaryimage","url":"https:\/\/yhdenvertaisuudenosaamiskeskus.partioscout.fi\/wp-content\/uploads\/sites\/161\/2025\/04\/oske-SOMEKOKO-15.jpg","contentUrl":"https:\/\/yhdenvertaisuudenosaamiskeskus.partioscout.fi\/wp-content\/uploads\/sites\/161\/2025\/04\/oske-SOMEKOKO-15.jpg","width":1620,"height":1080,"caption":"Kuva: Netta Hautam\u00e4ki"},{"@type":"BreadcrumbList","@id":"https:\/\/yhdenvertaisuudenosaamiskeskus.partioscout.fi\/sv\/evenemang\/#breadcrumb","itemListElement":[{"@type":"ListItem","position":1,"name":"Hem","item":"https:\/\/yhdenvertaisuudenosaamiskeskus.partioscout.fi\/sv\/"},{"@type":"ListItem","position":2,"name":"Evenemang"}]},{"@type":"WebSite","@id":"https:\/\/yhdenvertaisuudenosaamiskeskus.partioscout.fi\/#website","url":"https:\/\/yhdenvertaisuudenosaamiskeskus.partioscout.fi\/","name":"Yhdenvertaisuuden nuorisoalan osaamiskeskus","description":"Kohti yhdenvertaista nuoruutta","potentialAction":[{"@type":"SearchAction","target":{"@type":"EntryPoint","urlTemplate":"https:\/\/yhdenvertaisuudenosaamiskeskus.partioscout.fi\/?s={search_term_string}"},"query-input":{"@type":"PropertyValueSpecification","valueRequired":true,"valueName":"search_term_string"}}],"inLanguage":"sv-SE"}]}},"_links":{"self":[{"href":"https:\/\/yhdenvertaisuudenosaamiskeskus.partioscout.fi\/sv\/wp-json\/wp\/v2\/pages\/216","targetHints":{"allow":["GET"]}}],"collection":[{"href":"https:\/\/yhdenvertaisuudenosaamiskeskus.partioscout.fi\/sv\/wp-json\/wp\/v2\/pages"}],"about":[{"href":"https:\/\/yhdenvertaisuudenosaamiskeskus.partioscout.fi\/sv\/wp-json\/wp\/v2\/types\/page"}],"author":[{"embeddable":true,"href":"https:\/\/yhdenvertaisuudenosaamiskeskus.partioscout.fi\/sv\/wp-json\/wp\/v2\/users\/241"}],"replies":[{"embeddable":true,"href":"https:\/\/yhdenvertaisuudenosaamiskeskus.partioscout.fi\/sv\/wp-json\/wp\/v2\/comments?post=216"}],"version-history":[{"count":4,"href":"https:\/\/yhdenvertaisuudenosaamiskeskus.partioscout.fi\/sv\/wp-json\/wp\/v2\/pages\/216\/revisions"}],"predecessor-version":[{"id":443,"href":"https:\/\/yhdenvertaisuudenosaamiskeskus.partioscout.fi\/sv\/wp-json\/wp\/v2\/pages\/216\/revisions\/443"}],"wp:featuredmedia":[{"embeddable":true,"href":"https:\/\/yhdenvertaisuudenosaamiskeskus.partioscout.fi\/sv\/wp-json\/wp\/v2\/media\/345"}],"wp:attachment":[{"href":"https:\/\/yhdenvertaisuudenosaamiskeskus.partioscout.fi\/sv\/wp-json\/wp\/v2\/media?parent=216"}],"curies":[{"name":"wp","href":"https:\/\/api.w.org\/{rel}","templated":true}]}}