{"id":218,"date":"2024-11-25T12:02:31","date_gmt":"2024-11-25T10:02:31","guid":{"rendered":"https:\/\/yhdenvertaisuudenosaamiskeskus.partioscout.fi\/information-om-kompetenscentret\/"},"modified":"2025-04-07T13:44:19","modified_gmt":"2025-04-07T10:44:19","slug":"information-om-kompetenscentret","status":"publish","type":"page","link":"https:\/\/yhdenvertaisuudenosaamiskeskus.partioscout.fi\/sv\/information-om-kompetenscentret\/","title":{"rendered":"Information om kompetenscentret"},"content":{"rendered":"\n<h1 class=\"wp-block-heading\">Information om kompetenscentret<\/h1>\n\n\n<div class=\"wp-block-image\">\n<figure class=\"aligncenter size-large\"><img decoding=\"async\" width=\"1024\" height=\"683\" src=\"https:\/\/yhdenvertaisuudenosaamiskeskus.partioscout.fi\/wp-content\/uploads\/sites\/161\/2025\/04\/oske-SOMEKOKO-05-1024x683.jpg\" alt=\"\" class=\"wp-image-334\" srcset=\"https:\/\/yhdenvertaisuudenosaamiskeskus.partioscout.fi\/wp-content\/uploads\/sites\/161\/2025\/04\/oske-SOMEKOKO-05-1024x683.jpg 1024w, https:\/\/yhdenvertaisuudenosaamiskeskus.partioscout.fi\/wp-content\/uploads\/sites\/161\/2025\/04\/oske-SOMEKOKO-05-300x200.jpg 300w, https:\/\/yhdenvertaisuudenosaamiskeskus.partioscout.fi\/wp-content\/uploads\/sites\/161\/2025\/04\/oske-SOMEKOKO-05-768x512.jpg 768w, https:\/\/yhdenvertaisuudenosaamiskeskus.partioscout.fi\/wp-content\/uploads\/sites\/161\/2025\/04\/oske-SOMEKOKO-05-1536x1024.jpg 1536w, https:\/\/yhdenvertaisuudenosaamiskeskus.partioscout.fi\/wp-content\/uploads\/sites\/161\/2025\/04\/oske-SOMEKOKO-05-528x352.jpg 528w, https:\/\/yhdenvertaisuudenosaamiskeskus.partioscout.fi\/wp-content\/uploads\/sites\/161\/2025\/04\/oske-SOMEKOKO-05-1200x800.jpg 1200w, https:\/\/yhdenvertaisuudenosaamiskeskus.partioscout.fi\/wp-content\/uploads\/sites\/161\/2025\/04\/oske-SOMEKOKO-05.jpg 1620w\" sizes=\"(max-width: 1024px) 100vw, 1024px\" \/><figcaption class=\"wp-element-caption\">Foto: Munfilmi \/ Netta Hautam\u00e4ki<\/figcaption><\/figure>\n<\/div>\n\n\n<p class=\"is-style-ingress\">Ungdomssektorns kompetenscenter f\u00f6r likabehandling arbetar f\u00f6r att fr\u00e4mja j\u00e4mlikhet i allt ungdomsarbete. Vi erbjuder expertis och st\u00e4rker kompetensen hos yrkesverksamma och volont\u00e4rer genom utbildning och v\u00e4gledning inom likabehandling.<\/p>\n\n\n\n<p>Vi st\u00e4rker kompetensen inom ungdomssektorn n\u00e4r det g\u00e4ller j\u00e4mlikhet, f\u00f6rebyggande av diskriminering och antirasism. Vi erbjuder information och praktiska verktyg som hj\u00e4lper till att skapa tryggare och mer j\u00e4mlika milj\u00f6er f\u00f6r alla unga. Tillsammans kan vi s\u00e4kerst\u00e4lla att varje ung person k\u00e4nner sig inkluderad.<\/p>\n\n\n\n<h2 class=\"wp-block-heading\">Kompetensutveckling f\u00f6r \u00f6kad likabehandling<\/h2>\n\n\n\n<p>Kompetensutveckling \u00e4r en nyckelfaktor f\u00f6r att fr\u00e4mja likabehandling. Vi kartl\u00e4gger utbildningsbehovet inom ungdomssektorn. Vi erbjuder material och metoder som st\u00f6d f\u00f6r ungdomsarbetet och ser till att denna kunskap \u00e4r l\u00e4ttillg\u00e4nglig f\u00f6r alla som arbetar med unga.<\/p>\n\n\n\n<p>V\u00e5ra utbildningar och coachningar erbjuder praktiska metoder och aktuell information f\u00f6r s\u00e5v\u00e4l yrkesverksamma som volont\u00e4rer. Vi erbjuder kompetensutveckling inom ungdomsomr\u00e5det om likabehandling som b\u00e5de n\u00e4r- och distansimplementering p\u00e5 b\u00e5de finska och svenska s\u00e5 att kunskap och f\u00e4rdigheter n\u00e5r s\u00e5 m\u00e5nga som m\u00f6jligt.<\/p>\n\n\n\n<p><a href=\"https:\/\/yhdenvertaisuudenosaamiskeskus.partioscout.fi\/sv\/material-och-metoder\/\">L\u00e4s mer om material och metoder<\/a><\/p>\n\n\n\n<p><a href=\"https:\/\/yhdenvertaisuudenosaamiskeskus.partioscout.fi\/sv\/evenemang\/\">L\u00e4s mer om kommande evenemang<\/a><\/p>\n\n\n\n<h2 class=\"wp-block-heading\">Vilka st\u00e5r bakom verksamheten?<\/h2>\n\n\n\n<p>Ungdomssektorns kompetenscenter f\u00f6r likabehandling drivs av <a href=\"http:\/\/www.partio.fi\/\">Finlands Scouter<\/a> i samarbete med <a href=\"http:\/\/www.humak.fi\/\">Humak<\/a>, <a href=\"http:\/\/www.lastenjanuortenkeskus.fi\/\">Lasten ja nuorten keskus<\/a> samt <a href=\"https:\/\/www.vantaa.fi\/sv\/fritid-och-valbefinnande\/ungdomstjanster\">Vanda stads ungdoms- och samh\u00e4llstj\u00e4nster<\/a>. Verksamheten startade i b\u00f6rjan av \u00e5r 2025 och p\u00e5g\u00e5r till slutet av 2026.<\/p>\n\n\n\n<p>Kompetenscentren st\u00e4rker det nationella ungdomsarbetet genom att utveckla branschen och dela med sig av expertkunskap. De tar fram nya arbetss\u00e4tt och oms\u00e4tter m\u00e5len i b\u00e5de ungdomslagen och det ungdomspolitiska programmet i praktiken<\/p>\n\n\n\n<h2 class=\"wp-block-heading\">F\u00f6lj oss!<\/h2>\n\n\n\n<p>H\u00e5ll dig uppdaterad om v\u00e5rt arbete genom att f\u00f6lja v\u00e5ra webbsidor och sociala medier eller prenumerera p\u00e5 v\u00e5rt nyhetsbrev.<\/p>\n\n\n\n<ul class=\"wp-block-list\">\n<li><a href=\"https:\/\/yhdenvertaisuudenosaamiskeskus.partioscout.fi\/sv\/nyheter\/\">Nyheter<\/a><\/li>\n\n\n\n<li><a href=\"https:\/\/www.instagram.com\/yhdenvertainennuoruus\">Instagram @yhdenvertainennuoruus<\/a><\/li>\n\n\n\n<li><a href=\"https:\/\/www.facebook.com\/yhdenvertainennuoruus\">Facebook @yhdenvertainennuoruus<\/a><\/li>\n\n\n\n<li><a href=\"https:\/\/www.linkedin.com\/company\/yhdenvertainennuoruus\/\">LinkedIn @yhdenvertainennuoruus<\/a><\/li>\n\n\n\n<li><a href=\"https:\/\/docs.google.com\/forms\/d\/e\/1FAIpQLScQLOr15CWGqRqraxnIXZS-Uq3uHp6_31TGcEkm1l-AmKza8Q\/viewform\">Prenumerera p\u00e5 nyhetsbrev<\/a><\/li>\n\n\n\n<li><a href=\"https:\/\/yhdenvertaisuudenosaamiskeskus.partioscout.fi\/sv\/kontakta-oss\/\">Kontakta oss<\/a><\/li>\n<\/ul>\n","protected":false},"excerpt":{"rendered":"<p>Information om kompetenscentret Ungdomssektorns kompetenscenter f\u00f6r likabehandling arbetar f\u00f6r att fr\u00e4mja j\u00e4mlikhet i allt ungdomsarbete.&hellip;<\/p>\n","protected":false},"author":241,"featured_media":334,"parent":0,"menu_order":0,"comment_status":"closed","ping_status":"closed","template":"","meta":{"_acf_changed":false,"footnotes":""},"class_list":["post-218","page","type-page","status-publish","has-post-thumbnail","hentry"],"acf":[],"yoast_head":"<!-- This site is optimized with the Yoast SEO plugin v27.1.1 - https:\/\/yoast.com\/product\/yoast-seo-wordpress\/ -->\n<title>Information om kompetenscentret - Yhdenvertaisuuden nuorisoalan osaamiskeskus<\/title>\n<meta name=\"description\" content=\"Ungdomssektorns kompetenscenter f\u00f6r likabehandling arbetar f\u00f6r att fr\u00e4mja j\u00e4mlikhet i allt ungdomsarbete.\" \/>\n<meta name=\"robots\" content=\"index, follow, max-snippet:-1, max-image-preview:large, max-video-preview:-1\" \/>\n<link rel=\"canonical\" href=\"https:\/\/yhdenvertaisuudenosaamiskeskus.partioscout.fi\/sv\/information-om-kompetenscentret\/\" \/>\n<meta property=\"og:locale\" content=\"sv_SE\" \/>\n<meta property=\"og:type\" content=\"article\" \/>\n<meta property=\"og:title\" content=\"Information om kompetenscentret\" \/>\n<meta property=\"og:description\" content=\"Ungdomssektorns kompetenscenter f\u00f6r likabehandling arbetar f\u00f6r att fr\u00e4mja j\u00e4mlikhet i allt ungdomsarbete. Vi erbjuder expertis och st\u00e4rker kompetensen hos yrkesverksamma och volont\u00e4rer genom utbildning och v\u00e4gledning inom likabehandling.\" \/>\n<meta property=\"og:url\" content=\"https:\/\/yhdenvertaisuudenosaamiskeskus.partioscout.fi\/sv\/information-om-kompetenscentret\/\" \/>\n<meta property=\"og:site_name\" content=\"Yhdenvertaisuuden nuorisoalan osaamiskeskus\" \/>\n<meta property=\"article:modified_time\" content=\"2025-04-07T10:44:19+00:00\" \/>\n<meta property=\"og:image\" content=\"https:\/\/yhdenvertaisuudenosaamiskeskus.partioscout.fi\/wp-content\/uploads\/sites\/161\/2025\/04\/oske-SOMEKOKO-05.jpg\" \/>\n\t<meta property=\"og:image:width\" content=\"1620\" \/>\n\t<meta property=\"og:image:height\" content=\"1080\" \/>\n\t<meta property=\"og:image:type\" content=\"image\/jpeg\" \/>\n<meta name=\"twitter:card\" content=\"summary_large_image\" \/>\n<meta name=\"twitter:label1\" content=\"Ber\u00e4knad l\u00e4stid\" \/>\n\t<meta name=\"twitter:data1\" content=\"3 minuter\" \/>\n<script type=\"application\/ld+json\" class=\"yoast-schema-graph\">{\"@context\":\"https:\/\/schema.org\",\"@graph\":[{\"@type\":\"WebPage\",\"@id\":\"https:\/\/yhdenvertaisuudenosaamiskeskus.partioscout.fi\/sv\/information-om-kompetenscentret\/\",\"url\":\"https:\/\/yhdenvertaisuudenosaamiskeskus.partioscout.fi\/sv\/information-om-kompetenscentret\/\",\"name\":\"Information om kompetenscentret - Yhdenvertaisuuden nuorisoalan osaamiskeskus\",\"isPartOf\":{\"@id\":\"https:\/\/yhdenvertaisuudenosaamiskeskus.partioscout.fi\/#website\"},\"primaryImageOfPage\":{\"@id\":\"https:\/\/yhdenvertaisuudenosaamiskeskus.partioscout.fi\/sv\/information-om-kompetenscentret\/#primaryimage\"},\"image\":{\"@id\":\"https:\/\/yhdenvertaisuudenosaamiskeskus.partioscout.fi\/sv\/information-om-kompetenscentret\/#primaryimage\"},\"thumbnailUrl\":\"https:\/\/yhdenvertaisuudenosaamiskeskus.partioscout.fi\/wp-content\/uploads\/sites\/161\/2025\/04\/oske-SOMEKOKO-05.jpg\",\"datePublished\":\"2024-11-25T10:02:31+00:00\",\"dateModified\":\"2025-04-07T10:44:19+00:00\",\"description\":\"Ungdomssektorns kompetenscenter f\u00f6r likabehandling arbetar f\u00f6r att fr\u00e4mja j\u00e4mlikhet i allt ungdomsarbete.\",\"breadcrumb\":{\"@id\":\"https:\/\/yhdenvertaisuudenosaamiskeskus.partioscout.fi\/sv\/information-om-kompetenscentret\/#breadcrumb\"},\"inLanguage\":\"sv-SE\",\"potentialAction\":[{\"@type\":\"ReadAction\",\"target\":[\"https:\/\/yhdenvertaisuudenosaamiskeskus.partioscout.fi\/sv\/information-om-kompetenscentret\/\"]}]},{\"@type\":\"ImageObject\",\"inLanguage\":\"sv-SE\",\"@id\":\"https:\/\/yhdenvertaisuudenosaamiskeskus.partioscout.fi\/sv\/information-om-kompetenscentret\/#primaryimage\",\"url\":\"https:\/\/yhdenvertaisuudenosaamiskeskus.partioscout.fi\/wp-content\/uploads\/sites\/161\/2025\/04\/oske-SOMEKOKO-05.jpg\",\"contentUrl\":\"https:\/\/yhdenvertaisuudenosaamiskeskus.partioscout.fi\/wp-content\/uploads\/sites\/161\/2025\/04\/oske-SOMEKOKO-05.jpg\",\"width\":1620,\"height\":1080},{\"@type\":\"BreadcrumbList\",\"@id\":\"https:\/\/yhdenvertaisuudenosaamiskeskus.partioscout.fi\/sv\/information-om-kompetenscentret\/#breadcrumb\",\"itemListElement\":[{\"@type\":\"ListItem\",\"position\":1,\"name\":\"Hem\",\"item\":\"https:\/\/yhdenvertaisuudenosaamiskeskus.partioscout.fi\/sv\/\"},{\"@type\":\"ListItem\",\"position\":2,\"name\":\"Information om kompetenscentret\"}]},{\"@type\":\"WebSite\",\"@id\":\"https:\/\/yhdenvertaisuudenosaamiskeskus.partioscout.fi\/#website\",\"url\":\"https:\/\/yhdenvertaisuudenosaamiskeskus.partioscout.fi\/\",\"name\":\"Yhdenvertaisuuden nuorisoalan osaamiskeskus\",\"description\":\"Kohti yhdenvertaista nuoruutta\",\"potentialAction\":[{\"@type\":\"SearchAction\",\"target\":{\"@type\":\"EntryPoint\",\"urlTemplate\":\"https:\/\/yhdenvertaisuudenosaamiskeskus.partioscout.fi\/?s={search_term_string}\"},\"query-input\":{\"@type\":\"PropertyValueSpecification\",\"valueRequired\":true,\"valueName\":\"search_term_string\"}}],\"inLanguage\":\"sv-SE\"}]}<\/script>\n<!-- \/ Yoast SEO plugin. -->","yoast_head_json":{"title":"Information om kompetenscentret - Yhdenvertaisuuden nuorisoalan osaamiskeskus","description":"Ungdomssektorns kompetenscenter f\u00f6r likabehandling arbetar f\u00f6r att fr\u00e4mja j\u00e4mlikhet i allt ungdomsarbete.","robots":{"index":"index","follow":"follow","max-snippet":"max-snippet:-1","max-image-preview":"max-image-preview:large","max-video-preview":"max-video-preview:-1"},"canonical":"https:\/\/yhdenvertaisuudenosaamiskeskus.partioscout.fi\/sv\/information-om-kompetenscentret\/","og_locale":"sv_SE","og_type":"article","og_title":"Information om kompetenscentret","og_description":"Ungdomssektorns kompetenscenter f\u00f6r likabehandling arbetar f\u00f6r att fr\u00e4mja j\u00e4mlikhet i allt ungdomsarbete. Vi erbjuder expertis och st\u00e4rker kompetensen hos yrkesverksamma och volont\u00e4rer genom utbildning och v\u00e4gledning inom likabehandling.","og_url":"https:\/\/yhdenvertaisuudenosaamiskeskus.partioscout.fi\/sv\/information-om-kompetenscentret\/","og_site_name":"Yhdenvertaisuuden nuorisoalan osaamiskeskus","article_modified_time":"2025-04-07T10:44:19+00:00","og_image":[{"width":1620,"height":1080,"url":"https:\/\/yhdenvertaisuudenosaamiskeskus.partioscout.fi\/wp-content\/uploads\/sites\/161\/2025\/04\/oske-SOMEKOKO-05.jpg","type":"image\/jpeg"}],"twitter_card":"summary_large_image","twitter_misc":{"Ber\u00e4knad l\u00e4stid":"3 minuter"},"schema":{"@context":"https:\/\/schema.org","@graph":[{"@type":"WebPage","@id":"https:\/\/yhdenvertaisuudenosaamiskeskus.partioscout.fi\/sv\/information-om-kompetenscentret\/","url":"https:\/\/yhdenvertaisuudenosaamiskeskus.partioscout.fi\/sv\/information-om-kompetenscentret\/","name":"Information om kompetenscentret - Yhdenvertaisuuden nuorisoalan osaamiskeskus","isPartOf":{"@id":"https:\/\/yhdenvertaisuudenosaamiskeskus.partioscout.fi\/#website"},"primaryImageOfPage":{"@id":"https:\/\/yhdenvertaisuudenosaamiskeskus.partioscout.fi\/sv\/information-om-kompetenscentret\/#primaryimage"},"image":{"@id":"https:\/\/yhdenvertaisuudenosaamiskeskus.partioscout.fi\/sv\/information-om-kompetenscentret\/#primaryimage"},"thumbnailUrl":"https:\/\/yhdenvertaisuudenosaamiskeskus.partioscout.fi\/wp-content\/uploads\/sites\/161\/2025\/04\/oske-SOMEKOKO-05.jpg","datePublished":"2024-11-25T10:02:31+00:00","dateModified":"2025-04-07T10:44:19+00:00","description":"Ungdomssektorns kompetenscenter f\u00f6r likabehandling arbetar f\u00f6r att fr\u00e4mja j\u00e4mlikhet i allt ungdomsarbete.","breadcrumb":{"@id":"https:\/\/yhdenvertaisuudenosaamiskeskus.partioscout.fi\/sv\/information-om-kompetenscentret\/#breadcrumb"},"inLanguage":"sv-SE","potentialAction":[{"@type":"ReadAction","target":["https:\/\/yhdenvertaisuudenosaamiskeskus.partioscout.fi\/sv\/information-om-kompetenscentret\/"]}]},{"@type":"ImageObject","inLanguage":"sv-SE","@id":"https:\/\/yhdenvertaisuudenosaamiskeskus.partioscout.fi\/sv\/information-om-kompetenscentret\/#primaryimage","url":"https:\/\/yhdenvertaisuudenosaamiskeskus.partioscout.fi\/wp-content\/uploads\/sites\/161\/2025\/04\/oske-SOMEKOKO-05.jpg","contentUrl":"https:\/\/yhdenvertaisuudenosaamiskeskus.partioscout.fi\/wp-content\/uploads\/sites\/161\/2025\/04\/oske-SOMEKOKO-05.jpg","width":1620,"height":1080},{"@type":"BreadcrumbList","@id":"https:\/\/yhdenvertaisuudenosaamiskeskus.partioscout.fi\/sv\/information-om-kompetenscentret\/#breadcrumb","itemListElement":[{"@type":"ListItem","position":1,"name":"Hem","item":"https:\/\/yhdenvertaisuudenosaamiskeskus.partioscout.fi\/sv\/"},{"@type":"ListItem","position":2,"name":"Information om kompetenscentret"}]},{"@type":"WebSite","@id":"https:\/\/yhdenvertaisuudenosaamiskeskus.partioscout.fi\/#website","url":"https:\/\/yhdenvertaisuudenosaamiskeskus.partioscout.fi\/","name":"Yhdenvertaisuuden nuorisoalan osaamiskeskus","description":"Kohti yhdenvertaista nuoruutta","potentialAction":[{"@type":"SearchAction","target":{"@type":"EntryPoint","urlTemplate":"https:\/\/yhdenvertaisuudenosaamiskeskus.partioscout.fi\/?s={search_term_string}"},"query-input":{"@type":"PropertyValueSpecification","valueRequired":true,"valueName":"search_term_string"}}],"inLanguage":"sv-SE"}]}},"_links":{"self":[{"href":"https:\/\/yhdenvertaisuudenosaamiskeskus.partioscout.fi\/sv\/wp-json\/wp\/v2\/pages\/218","targetHints":{"allow":["GET"]}}],"collection":[{"href":"https:\/\/yhdenvertaisuudenosaamiskeskus.partioscout.fi\/sv\/wp-json\/wp\/v2\/pages"}],"about":[{"href":"https:\/\/yhdenvertaisuudenosaamiskeskus.partioscout.fi\/sv\/wp-json\/wp\/v2\/types\/page"}],"author":[{"embeddable":true,"href":"https:\/\/yhdenvertaisuudenosaamiskeskus.partioscout.fi\/sv\/wp-json\/wp\/v2\/users\/241"}],"replies":[{"embeddable":true,"href":"https:\/\/yhdenvertaisuudenosaamiskeskus.partioscout.fi\/sv\/wp-json\/wp\/v2\/comments?post=218"}],"version-history":[{"count":4,"href":"https:\/\/yhdenvertaisuudenosaamiskeskus.partioscout.fi\/sv\/wp-json\/wp\/v2\/pages\/218\/revisions"}],"predecessor-version":[{"id":366,"href":"https:\/\/yhdenvertaisuudenosaamiskeskus.partioscout.fi\/sv\/wp-json\/wp\/v2\/pages\/218\/revisions\/366"}],"wp:featuredmedia":[{"embeddable":true,"href":"https:\/\/yhdenvertaisuudenosaamiskeskus.partioscout.fi\/sv\/wp-json\/wp\/v2\/media\/334"}],"wp:attachment":[{"href":"https:\/\/yhdenvertaisuudenosaamiskeskus.partioscout.fi\/sv\/wp-json\/wp\/v2\/media?parent=218"}],"curies":[{"name":"wp","href":"https:\/\/api.w.org\/{rel}","templated":true}]}}